{"id":526,"date":"2025-09-27T09:22:14","date_gmt":"2025-09-27T14:22:14","guid":{"rendered":"https:\/\/gprocommissstg.wpenginepowered.com\/history\/"},"modified":"2025-12-21T18:22:15","modified_gmt":"2025-12-22T00:22:15","slug":"history","status":"publish","type":"page","link":"https:\/\/gprocommission.org\/pt-br\/history\/","title":{"rendered":"Hist\u00f3ria"},"content":{"rendered":"\t\t<div data-elementor-type=\"wp-page\" data-elementor-id=\"526\" class=\"elementor elementor-526 elementor-120\" data-elementor-post-type=\"page\">\n\t\t\t\t<div class=\"elementor-element elementor-element-6fe9707 e-con-full e-flex e-con e-parent\" data-id=\"6fe9707\" data-element_type=\"container\" data-e-type=\"container\">\n\t\t\t\t<div class=\"elementor-element elementor-element-470fdbe elementor-widget elementor-widget-template\" data-id=\"470fdbe\" data-element_type=\"widget\" data-e-type=\"widget\" data-widget_type=\"template.default\">\n\t\t\t\t<div class=\"elementor-widget-container\">\n\t\t\t\t\t\t\t<div class=\"elementor-template\">\n\t\t\t\t\t<div data-elementor-type=\"container\" data-elementor-id=\"559\" class=\"elementor elementor-559 elementor-113 elementor-113\" data-elementor-post-type=\"elementor_library\">\n\t\t\t\t<div class=\"elementor-element elementor-element-299c3f5e e-flex e-con-boxed e-con e-parent\" data-id=\"299c3f5e\" data-element_type=\"container\" data-e-type=\"container\" data-settings=\"{&quot;background_background&quot;:&quot;classic&quot;}\">\n\t\t\t\t\t<div class=\"e-con-inner\">\n\t\t<div class=\"elementor-element elementor-element-76d235f e-con-full e-flex e-con e-child\" data-id=\"76d235f\" data-element_type=\"container\" data-e-type=\"container\">\n\t\t<div class=\"elementor-element elementor-element-28635203 e-con-full e-flex e-con e-child\" data-id=\"28635203\" data-element_type=\"container\" data-e-type=\"container\">\n\t\t\t\t<div class=\"elementor-element elementor-element-7a308060 elementor-widget elementor-widget-heading\" data-id=\"7a308060\" data-element_type=\"widget\" data-e-type=\"widget\" data-widget_type=\"heading.default\">\n\t\t\t\t<div class=\"elementor-widget-container\">\n\t\t\t\t\t<h1 class=\"elementor-heading-title elementor-size-default\">Hist\u00f3ria da GProComission<\/h1>\t\t\t\t<\/div>\n\t\t\t\t<\/div>\n\t\t\t\t<\/div>\n\t\t\t\t<\/div>\n\t\t\t\t\t<\/div>\n\t\t\t\t<\/div>\n\t\t\t\t<\/div>\n\t\t\t\t<\/div>\n\t\t\t\t\t\t<\/div>\n\t\t\t\t<\/div>\n\t\t\t\t<\/div>\n\t\t<div class=\"elementor-element elementor-element-e063835 e-flex e-con-boxed e-con e-parent\" data-id=\"e063835\" data-element_type=\"container\" data-e-type=\"container\" data-settings=\"{&quot;background_background&quot;:&quot;classic&quot;}\">\n\t\t\t\t\t<div class=\"e-con-inner\">\n\t\t<div class=\"elementor-element elementor-element-af56e08 e-con-full e-flex e-con e-child\" data-id=\"af56e08\" data-element_type=\"container\" data-e-type=\"container\">\n\t\t<div class=\"elementor-element elementor-element-3c0de8e e-con-full e-flex e-con e-child\" data-id=\"3c0de8e\" data-element_type=\"container\" data-e-type=\"container\">\n\t\t<div class=\"elementor-element elementor-element-20e9116 containerLeft e-flex e-con-boxed e-con e-child\" data-id=\"20e9116\" data-element_type=\"container\" data-e-type=\"container\">\n\t\t\t\t\t<div class=\"e-con-inner\">\n\t\t\t\t<div class=\"elementor-element elementor-element-8ab0d72 elementor-widget elementor-widget-text-editor\" data-id=\"8ab0d72\" data-element_type=\"widget\" data-e-type=\"widget\" data-widget_type=\"text-editor.default\">\n\t\t\t\t<div class=\"elementor-widget-container\">\n\t\t\t\t\t\t\t\t\t<p>Os esforc\u0327os da RREACH para conectar, unir e fortalecer os treinadores de pastores remotam de 1997, com a convocac\u0327a\u0303o de uma consulta no Billy Graham Institute of Evangelism em Wheaton, Illinois, EUA. Os participantes de 99 organizac\u0327o\u0303es, convencidos do \u201cpecado de fazer as coisas por conta pro\u0301pria\u201d, tambe\u0301m estavam convencidos de que os esforc\u0327os colaborativos juntos renderiam mais. A TOPIC (Trainers of Pastors International Coalition \u2013 Coaliza\u0303o Internacional de Treinadores de Pastores) resultou dessa reunia\u0303o e ainda serve como uma organizac\u0327a\u0303o guarda-chuva para acelerar o treinamento na\u0303o formal de pastores. Centenas de iniciativas de treinamento na\u0303o formal esta\u0303o conectadas a\u0300 TOPIC em va\u0301rios ni\u0301veis.<\/p>\n<p>Uma de\u0301cada depois, os esforc\u0327os para oferecer um treinamento melhor a mais li\u0301deres pastorais enfatizaram a reduc\u0327a\u0303o da divisa\u0303o entre treinamento formal e na\u0303o formal. No histo\u0301rico Congresso de Lausanne de 2010, os treinadores de pastores de ambos os setores se reuniram.\u00a0<i>A Declarac\u0327a\u0303o dos Treinadores Pastorais da Cidade do Cabo\u00a0<\/i>conclui \u201cque devemos nos esforc\u0327ar para construir confianc\u0327a, envolver uns aos outros e alavancar os pontos fortes de cada setor para preparar pastores maduros para a proclamac\u0327a\u0303o da Palavra de Deus e a edificac\u0327a\u0303o da Igreja de Cristo em todas as nac\u0327o\u0303es do mundo\u201d.<\/p>\n\t\t\t\t\t\t\t\t<\/div>\n\t\t\t\t<\/div>\n\t\t\t\t\t<\/div>\n\t\t\t\t<\/div>\n\t\t\t\t<\/div>\n\t\t<div class=\"elementor-element elementor-element-f04d28b e-con-full e-flex e-con e-child\" data-id=\"f04d28b\" data-element_type=\"container\" data-e-type=\"container\">\n\t\t<div class=\"elementor-element elementor-element-41daca7 containerRight e-flex e-con-boxed e-con e-child\" data-id=\"41daca7\" data-element_type=\"container\" data-e-type=\"container\">\n\t\t\t\t\t<div class=\"e-con-inner\">\n\t\t\t\t<div class=\"elementor-element elementor-element-8d50967 elementor-widget elementor-widget-image\" data-id=\"8d50967\" data-element_type=\"widget\" data-e-type=\"widget\" data-widget_type=\"image.default\">\n\t\t\t\t<div class=\"elementor-widget-container\">\n\t\t\t\t\t\t\t\t\t\t\t\t\t\t\t<img fetchpriority=\"high\" decoding=\"async\" width=\"800\" height=\"644\" src=\"https:\/\/gprocommission.org\/wp-content\/uploads\/2025\/11\/historyImg1v2.webp\" class=\"attachment-full size-full wp-image-524\" alt=\"speaker\" srcset=\"https:\/\/gprocommission.org\/wp-content\/uploads\/2025\/11\/historyImg1v2.webp 800w, https:\/\/gprocommission.org\/wp-content\/uploads\/2025\/11\/historyImg1v2-300x242.webp 300w, https:\/\/gprocommission.org\/wp-content\/uploads\/2025\/11\/historyImg1v2-768x618.webp 768w\" sizes=\"(max-width: 800px) 100vw, 800px\" \/>\t\t\t\t\t\t\t\t\t\t\t\t\t\t\t<\/div>\n\t\t\t\t<\/div>\n\t\t\t\t\t<\/div>\n\t\t\t\t<\/div>\n\t\t\t\t<\/div>\n\t\t\t\t<\/div>\n\t\t\t\t\t<\/div>\n\t\t\t\t<\/div>\n\t\t<div class=\"elementor-element elementor-element-277512c e-flex e-con-boxed e-con e-parent\" data-id=\"277512c\" data-element_type=\"container\" data-e-type=\"container\" data-settings=\"{&quot;background_background&quot;:&quot;classic&quot;}\">\n\t\t\t\t\t<div class=\"e-con-inner\">\n\t\t<div class=\"elementor-element elementor-element-b45ccab e-flex e-con-boxed e-con e-child\" data-id=\"b45ccab\" data-element_type=\"container\" data-e-type=\"container\">\n\t\t\t\t\t<div class=\"e-con-inner\">\n\t\t\t\t<div class=\"elementor-element elementor-element-56e1338 elementor-widget elementor-widget-text-editor\" data-id=\"56e1338\" data-element_type=\"widget\" data-e-type=\"widget\" data-widget_type=\"text-editor.default\">\n\t\t\t\t<div class=\"elementor-widget-container\">\n\t\t\t\t\t\t\t\t\t<p>A Comissa\u0303o de Proclamac\u0327a\u0303o Global (GProCommission), um ministe\u0301rio sate\u0301lite da RREACH, comec\u0327ou em 2011 e catalisou uma campanha de capital humano de duas de\u0301cadas para defender o treinamento de um grande nu\u0301mero de li\u0301deres pastorais, especialmente onde a sau\u0301de da igreja na\u0303o esta\u0301 acompanhando o crescimento da igreja.<\/p>\n\t\t\t\t\t\t\t\t<\/div>\n\t\t\t\t<\/div>\n\t\t\t\t\t<\/div>\n\t\t\t\t<\/div>\n\t\t<div class=\"elementor-element elementor-element-f28ca82 e-con-full e-flex e-con e-child\" data-id=\"f28ca82\" data-element_type=\"container\" data-e-type=\"container\">\n\t\t<div class=\"elementor-element elementor-element-cba9b6d e-con-full e-flex e-con e-child\" data-id=\"cba9b6d\" data-element_type=\"container\" data-e-type=\"container\">\n\t\t<div class=\"elementor-element elementor-element-1f907c4 containerLeft e-flex e-con-boxed e-con e-child\" data-id=\"1f907c4\" data-element_type=\"container\" data-e-type=\"container\">\n\t\t\t\t\t<div class=\"e-con-inner\">\n\t\t\t\t<div class=\"elementor-element elementor-element-d8a48c1 elementor-widget elementor-widget-image\" data-id=\"d8a48c1\" data-element_type=\"widget\" data-e-type=\"widget\" data-widget_type=\"image.default\">\n\t\t\t\t<div class=\"elementor-widget-container\">\n\t\t\t\t\t\t\t\t\t\t\t\t\t\t\t<img decoding=\"async\" width=\"800\" height=\"584\" data-src=\"https:\/\/gprocommission.org\/wp-content\/uploads\/2025\/09\/historyImg2.webp\" class=\"attachment-full size-full wp-image-525 lazyload\" alt=\"gathering\" data-srcset=\"https:\/\/gprocommission.org\/wp-content\/uploads\/2025\/09\/historyImg2.webp 800w, https:\/\/gprocommission.org\/wp-content\/uploads\/2025\/09\/historyImg2-300x219.webp 300w, https:\/\/gprocommission.org\/wp-content\/uploads\/2025\/09\/historyImg2-768x561.webp 768w\" data-sizes=\"(max-width: 800px) 100vw, 800px\" src=\"data:image\/svg+xml;base64,PHN2ZyB3aWR0aD0iMSIgaGVpZ2h0PSIxIiB4bWxucz0iaHR0cDovL3d3dy53My5vcmcvMjAwMC9zdmciPjwvc3ZnPg==\" style=\"--smush-placeholder-width: 800px; --smush-placeholder-aspect-ratio: 800\/584;\" \/>\t\t\t\t\t\t\t\t\t\t\t\t\t\t\t<\/div>\n\t\t\t\t<\/div>\n\t\t\t\t\t<\/div>\n\t\t\t\t<\/div>\n\t\t\t\t<\/div>\n\t\t<div class=\"elementor-element elementor-element-bdb3eef e-con-full e-flex e-con e-child\" data-id=\"bdb3eef\" data-element_type=\"container\" data-e-type=\"container\">\n\t\t<div class=\"elementor-element elementor-element-7ed96e3 containerRight e-flex e-con-boxed e-con e-child\" data-id=\"7ed96e3\" data-element_type=\"container\" data-e-type=\"container\">\n\t\t\t\t\t<div class=\"e-con-inner\">\n\t\t\t\t<div class=\"elementor-element elementor-element-279d55c elementor-widget elementor-widget-text-editor\" data-id=\"279d55c\" data-element_type=\"widget\" data-e-type=\"widget\" data-widget_type=\"text-editor.default\">\n\t\t\t\t<div class=\"elementor-widget-container\">\n\t\t\t\t\t\t\t\t\t<p>A primeira de\u0301cada da campanha (2011-2020) ganhou um impulso significativo no primeiro Congresso de Proclamac\u0327a\u0303o Global para Treinadores Pastorais (GProCongresso I, Bangkok 2016), um evento de oito dias com quatro anos de acompanhamento. A meta do RREACHABLE 2020 de reduzir o de\u0301ficit de treinados em 5% \u2013 100.000 li\u0301deres pastorais \u2013 foi ultrapassada, abaixo do orc\u0327amento e antes do prazo. A RREACH recebeu, examinou e documentou relato\u0301rios de va\u0301rios ministe\u0301rios irma\u0303os e apresentou mais de 280.000 li\u0301deres pastorais mais bem treinados em meados de 2021.<\/p>\n<p>Na segunda de\u0301cada da GProCommission (2021-2030), chamada RREACHABILITY 2030, o foco mudou de aumentar o nu\u0301mero de li\u0301deres pastorais mais bem treinados para multiplicar o nu\u0301mero de treinadores de pastores. Para esse fim, a RREACH agora convoca o segundo Congresso Global de Proclamac\u0327a\u0303o para Treinadores de Pastores (GProCongresso II, Panama\u0301 2023), um evento de seis dias com um acompanhamento de sete anos para 100.000 treinadores de pastores adicionais ate\u0301 2030.<\/p>\n\t\t\t\t\t\t\t\t<\/div>\n\t\t\t\t<\/div>\n\t\t\t\t\t<\/div>\n\t\t\t\t<\/div>\n\t\t\t\t<\/div>\n\t\t\t\t<\/div>\n\t\t\t\t\t<\/div>\n\t\t\t\t<\/div>\n\t\t<div class=\"elementor-element elementor-element-9fa3039 e-flex e-con-boxed e-con e-parent\" data-id=\"9fa3039\" data-element_type=\"container\" data-e-type=\"container\" data-settings=\"{&quot;background_background&quot;:&quot;classic&quot;}\">\n\t\t\t\t\t<div class=\"e-con-inner\">\n\t\t<div class=\"elementor-element elementor-element-0953a1c e-con-full e-flex e-con e-child\" data-id=\"0953a1c\" data-element_type=\"container\" data-e-type=\"container\">\n\t\t\t\t<div class=\"elementor-element elementor-element-fda77cd elementor-widget elementor-widget-text-editor\" data-id=\"fda77cd\" data-element_type=\"widget\" data-e-type=\"widget\" data-widget_type=\"text-editor.default\">\n\t\t\t\t<div class=\"elementor-widget-container\">\n\t\t\t\t\t\t\t\t\t<p>O GProCongresso II continua a filosofia, a plataforma e o processo neutros em relac\u0327a\u0303o ao setor, apresentando os tre\u0302s setores de treinadores de pastores e polinizando as iniciativas de treinamento de pastores. Em Junho de 2022, representantes da TOPIC, o setor na\u0303o formal; MentorLink, o setor informal; e o Conselho Internacional para a Educac\u0327a\u0303o Teolo\u0301gica Evange\u0301lica (ICETE), o setor formal, convergiram em torno da necessidade urgente, importante e cri\u0301tica de fornecer mais rapidamente um treinamento melhor para mais pastores por todos os meios eficazes e eficientes possi\u0301veis. Em Novembro de 2022, a consulta global do ICETE incentivou a \u201cEducac\u0327a\u0303o teolo\u0301gica formal e na\u0303o formal: ale\u0301m do dia\u0301logo\u201d. Em Marc\u0327o de 2023, o TOPIC reuniu as principais organizac\u0327o\u0303es pastorais na\u0303o formais para abordar a questa\u0303o: \u201cComo a colaborac\u0327a\u0303o pode acelerar o treinamento de pastores em todo o mundo?\u201d Em Abril de 2023, a MentorLink liderou o lanc\u0327amento da Pastors Mentoring International Network (PMIN).<\/p>\n\t\t\t\t\t\t\t\t<\/div>\n\t\t\t\t<\/div>\n\t\t\t\t<\/div>\n\t\t\t\t\t<\/div>\n\t\t\t\t<\/div>\n\t\t<div class=\"elementor-element elementor-element-58d8dbf e-flex e-con-boxed e-con e-parent\" data-id=\"58d8dbf\" data-element_type=\"container\" data-e-type=\"container\" data-settings=\"{&quot;background_background&quot;:&quot;classic&quot;}\">\n\t\t\t\t\t<div class=\"e-con-inner\">\n\t\t<div class=\"elementor-element elementor-element-a9d41b5 e-con-full e-flex e-con e-child\" data-id=\"a9d41b5\" data-element_type=\"container\" data-e-type=\"container\">\n\t\t<div class=\"elementor-element elementor-element-460acf6 e-con-full e-flex e-con e-child\" data-id=\"460acf6\" data-element_type=\"container\" data-e-type=\"container\">\n\t\t<div class=\"elementor-element elementor-element-d051c07 containerLeft e-flex e-con-boxed e-con e-child\" data-id=\"d051c07\" data-element_type=\"container\" data-e-type=\"container\">\n\t\t\t\t\t<div class=\"e-con-inner\">\n\t\t\t\t<div class=\"elementor-element elementor-element-eeee2af elementor-widget elementor-widget-text-editor\" data-id=\"eeee2af\" data-element_type=\"widget\" data-e-type=\"widget\" data-widget_type=\"text-editor.default\">\n\t\t\t\t<div class=\"elementor-widget-container\">\n\t\t\t\t\t\t\t\t\t<p>Todos os tre\u0302s setores contribu\u00edram para o tema de Novembro de 2023 do GProCongress II para Treinadores de Pastores: multiplicar a quantidade e a qualidade dos treinadores de pastores. Com a capacitac\u0327a\u0303o do Senhor para 2030, cada delegado se compromete a levantar pelo menos um novo treinador de pastores a cada ano. Esses novos treinadores de pastores tambe\u0301m se comprometeram a treinar uma me\u0301dia de 10 li\u0301deres pastorais a mais ate\u0301 2030, resultando em 1 milha\u0303o de pastores mais bem treinados ate\u0301 essa data, se o Senhor quiser.<\/p>\n\t\t\t\t\t\t\t\t<\/div>\n\t\t\t\t<\/div>\n\t\t\t\t\t<\/div>\n\t\t\t\t<\/div>\n\t\t\t\t<\/div>\n\t\t<div class=\"elementor-element elementor-element-8404c77 e-con-full e-flex e-con e-child\" data-id=\"8404c77\" data-element_type=\"container\" data-e-type=\"container\">\n\t\t<div class=\"elementor-element elementor-element-48ffa84 containerRight e-flex e-con-boxed e-con e-child\" data-id=\"48ffa84\" data-element_type=\"container\" data-e-type=\"container\">\n\t\t\t\t\t<div class=\"e-con-inner\">\n\t\t<div class=\"elementor-element elementor-element-3ebe69e e-flex e-con-boxed e-con e-child\" data-id=\"3ebe69e\" data-element_type=\"container\" data-e-type=\"container\" data-settings=\"{&quot;background_background&quot;:&quot;classic&quot;}\">\n\t\t\t\t\t<div class=\"e-con-inner\">\n\t\t\t\t<div class=\"elementor-element elementor-element-46b4846 elementor-widget elementor-widget-heading\" data-id=\"46b4846\" data-element_type=\"widget\" data-e-type=\"widget\" data-widget_type=\"heading.default\">\n\t\t\t\t<div class=\"elementor-widget-container\">\n\t\t\t\t\t<h4 class=\"elementor-heading-title elementor-size-default\">\u201cPara a glo\u0301ria do Pai, em nome do Filho, pelo poder do Espi\u0301rito Santo, para a sau\u0301de da Igreja de Cristo e para o melhor de muitos em todos os lugares. Ame\u0301m!\u201d<\/h4>\t\t\t\t<\/div>\n\t\t\t\t<\/div>\n\t\t\t\t\t<\/div>\n\t\t\t\t<\/div>\n\t\t\t\t\t<\/div>\n\t\t\t\t<\/div>\n\t\t\t\t<\/div>\n\t\t\t\t<\/div>\n\t\t\t\t\t<\/div>\n\t\t\t\t<\/div>\n\t\t<div class=\"elementor-element elementor-element-e7cb2c7 e-flex e-con-boxed e-con e-parent\" data-id=\"e7cb2c7\" data-element_type=\"container\" data-e-type=\"container\" data-settings=\"{&quot;background_background&quot;:&quot;classic&quot;}\">\n\t\t\t\t\t<div class=\"e-con-inner\">\n\t\t<div class=\"elementor-element elementor-element-bd35af5 e-con-full e-flex e-con e-child\" data-id=\"bd35af5\" data-element_type=\"container\" data-e-type=\"container\">\n\t\t<div class=\"elementor-element elementor-element-10eeb1a e-con-full e-flex e-con e-child\" data-id=\"10eeb1a\" data-element_type=\"container\" data-e-type=\"container\">\n\t\t<div class=\"elementor-element elementor-element-fb67653 containerRight e-flex e-con-boxed e-con e-child\" data-id=\"fb67653\" data-element_type=\"container\" data-e-type=\"container\">\n\t\t\t\t\t<div class=\"e-con-inner\">\n\t\t\t\t<div class=\"elementor-element elementor-element-772c4d3 elementor-widget elementor-widget-image\" data-id=\"772c4d3\" data-element_type=\"widget\" data-e-type=\"widget\" data-widget_type=\"image.default\">\n\t\t\t\t<div class=\"elementor-widget-container\">\n\t\t\t\t\t\t\t\t\t\t\t\t\t\t\t<img decoding=\"async\" width=\"800\" height=\"644\" data-src=\"https:\/\/gprocommission.org\/wp-content\/uploads\/2025\/12\/historyImg3.webp\" class=\"attachment-full size-full wp-image-688 lazyload\" alt=\"speaker\" data-srcset=\"https:\/\/gprocommission.org\/wp-content\/uploads\/2025\/12\/historyImg3.webp 800w, https:\/\/gprocommission.org\/wp-content\/uploads\/2025\/12\/historyImg3-300x242.webp 300w, https:\/\/gprocommission.org\/wp-content\/uploads\/2025\/12\/historyImg3-768x618.webp 768w\" data-sizes=\"(max-width: 800px) 100vw, 800px\" src=\"data:image\/svg+xml;base64,PHN2ZyB3aWR0aD0iMSIgaGVpZ2h0PSIxIiB4bWxucz0iaHR0cDovL3d3dy53My5vcmcvMjAwMC9zdmciPjwvc3ZnPg==\" style=\"--smush-placeholder-width: 800px; --smush-placeholder-aspect-ratio: 800\/644;\" \/>\t\t\t\t\t\t\t\t\t\t\t\t\t\t\t<\/div>\n\t\t\t\t<\/div>\n\t\t\t\t\t<\/div>\n\t\t\t\t<\/div>\n\t\t\t\t<\/div>\n\t\t<div class=\"elementor-element elementor-element-44c8263 e-con-full e-flex e-con e-child\" data-id=\"44c8263\" data-element_type=\"container\" data-e-type=\"container\">\n\t\t<div class=\"elementor-element elementor-element-b7a7ae9 containerRight e-flex e-con-boxed e-con e-child\" data-id=\"b7a7ae9\" data-element_type=\"container\" data-e-type=\"container\">\n\t\t\t\t\t<div class=\"e-con-inner\">\n\t\t\t\t<div class=\"elementor-element elementor-element-7486990 elementor-widget elementor-widget-text-editor\" data-id=\"7486990\" data-element_type=\"widget\" data-e-type=\"widget\" data-widget_type=\"text-editor.default\">\n\t\t\t\t<div class=\"elementor-widget-container\">\n\t\t\t\t\t\t\t\t\t<p>Em outubro de 2024, o GProCongress II &#8211; Edi\u00e7\u00e3o da \u00c1frica foi convocado em Nair\u00f3bi, Qu\u00eania, em resposta ao profundo arrependimento e ao pedido reiterado de centenas de candidatos africanos que n\u00e3o puderam comparecer ao congresso de 2023 no Panam\u00e1. A GProCommission da RREACH trouxe a oportunidade para a \u00c1frica, agora o continente que mais cresce n a F\u00e9, reunindo 141 treinadores de pastores de 33 pa\u00edses. Os delegados se comprometeram a criar 4.809 novos treinadores de pastores a cada ano e treinar 23.627 l\u00edderes pastorais anualmente, avan\u00e7ando significativamente a vis\u00e3o compartilhada de 2030 de alcan\u00e7ar e criar 100.000 novos treinadores de pastores, provenientes do grupo de 1 milh\u00e3o de l\u00edderes pastorais mais bem treinados e que colaboram para isso.<\/p>\n<p>Em 2025, a GProCommission lan\u00e7ou o MLTPL 100\u2014(\u201cMultiplicar Treinadores Locais de L\u00edderes Pastorais\u201d)\u2014como uma express\u00e3o orientada nessa vis\u00e3o. O MLTPL 100 busca ver iniciativas de treinamento de pastores enraizadas em 100 pa\u00edses, envolver 1.000 faculdades e semin\u00e1rios b\u00edblicos e incorporar o treinamento de pastores na filosofia do minist\u00e9rio de 10.000 pastores e igrejas.<\/p>\n\t\t\t\t\t\t\t\t<\/div>\n\t\t\t\t<\/div>\n\t\t\t\t\t<\/div>\n\t\t\t\t<\/div>\n\t\t\t\t<\/div>\n\t\t\t\t<\/div>\n\t\t\t\t\t<\/div>\n\t\t\t\t<\/div>\n\t\t\t\t<\/div>\n\t\t","protected":false},"excerpt":{"rendered":"<p>Os esforc\u0327os da RREACH para conectar, unir e fortalecer os treinadores de pastores remotam de 1997, com a convocac\u0327a\u0303o de uma consulta no Billy Graham Institute of Evangelism em Wheaton, Illinois, EUA. Os participantes de 99 organizac\u0327o\u0303es, convencidos do \u201cpecado de fazer as coisas por conta pro\u0301pria\u201d, tambe\u0301m estavam convencidos de que os esforc\u0327os colaborativos [&hellip;]<\/p>\n","protected":false},"author":2,"featured_media":0,"parent":0,"menu_order":0,"comment_status":"closed","ping_status":"closed","template":"","meta":{"_acf_changed":false,"footnotes":""},"class_list":["post-526","page","type-page","status-publish","hentry","entry"],"acf":[],"_links":{"self":[{"href":"https:\/\/gprocommission.org\/pt-br\/wp-json\/wp\/v2\/pages\/526","targetHints":{"allow":["GET"]}}],"collection":[{"href":"https:\/\/gprocommission.org\/pt-br\/wp-json\/wp\/v2\/pages"}],"about":[{"href":"https:\/\/gprocommission.org\/pt-br\/wp-json\/wp\/v2\/types\/page"}],"author":[{"embeddable":true,"href":"https:\/\/gprocommission.org\/pt-br\/wp-json\/wp\/v2\/users\/2"}],"replies":[{"embeddable":true,"href":"https:\/\/gprocommission.org\/pt-br\/wp-json\/wp\/v2\/comments?post=526"}],"version-history":[{"count":0,"href":"https:\/\/gprocommission.org\/pt-br\/wp-json\/wp\/v2\/pages\/526\/revisions"}],"wp:attachment":[{"href":"https:\/\/gprocommission.org\/pt-br\/wp-json\/wp\/v2\/media?parent=526"}],"curies":[{"name":"wp","href":"https:\/\/api.w.org\/{rel}","templated":true}]}}