{"id":523,"date":"2025-09-27T09:22:14","date_gmt":"2025-09-27T14:22:14","guid":{"rendered":"https:\/\/gprocommissstg.wpenginepowered.com\/history\/"},"modified":"2025-12-21T18:22:09","modified_gmt":"2025-12-22T00:22:09","slug":"history","status":"publish","type":"page","link":"https:\/\/gprocommission.org\/fr\/history\/","title":{"rendered":"Histoire"},"content":{"rendered":"\t\t<div data-elementor-type=\"wp-page\" data-elementor-id=\"523\" class=\"elementor elementor-523 elementor-120\" data-elementor-post-type=\"page\">\n\t\t\t\t<div class=\"elementor-element elementor-element-6fe9707 e-con-full e-flex e-con e-parent\" data-id=\"6fe9707\" data-element_type=\"container\" data-e-type=\"container\">\n\t\t\t\t<div class=\"elementor-element elementor-element-470fdbe elementor-widget elementor-widget-template\" data-id=\"470fdbe\" data-element_type=\"widget\" data-e-type=\"widget\" data-widget_type=\"template.default\">\n\t\t\t\t<div class=\"elementor-widget-container\">\n\t\t\t\t\t\t\t<div class=\"elementor-template\">\n\t\t\t\t\t<div data-elementor-type=\"container\" data-elementor-id=\"558\" class=\"elementor elementor-558 elementor-113 elementor-113\" data-elementor-post-type=\"elementor_library\">\n\t\t\t\t<div class=\"elementor-element elementor-element-299c3f5e e-flex e-con-boxed e-con e-parent\" data-id=\"299c3f5e\" data-element_type=\"container\" data-e-type=\"container\" data-settings=\"{&quot;background_background&quot;:&quot;classic&quot;}\">\n\t\t\t\t\t<div class=\"e-con-inner\">\n\t\t<div class=\"elementor-element elementor-element-76d235f e-con-full e-flex e-con e-child\" data-id=\"76d235f\" data-element_type=\"container\" data-e-type=\"container\">\n\t\t<div class=\"elementor-element elementor-element-28635203 e-con-full e-flex e-con e-child\" data-id=\"28635203\" data-element_type=\"container\" data-e-type=\"container\">\n\t\t\t\t<div class=\"elementor-element elementor-element-7a308060 elementor-widget elementor-widget-heading\" data-id=\"7a308060\" data-element_type=\"widget\" data-e-type=\"widget\" data-widget_type=\"heading.default\">\n\t\t\t\t<div class=\"elementor-widget-container\">\n\t\t\t\t\t<h1 class=\"elementor-heading-title elementor-size-default\">Historique de la GProCommission<\/h1>\t\t\t\t<\/div>\n\t\t\t\t<\/div>\n\t\t\t\t<\/div>\n\t\t\t\t<\/div>\n\t\t\t\t\t<\/div>\n\t\t\t\t<\/div>\n\t\t\t\t<\/div>\n\t\t\t\t<\/div>\n\t\t\t\t\t\t<\/div>\n\t\t\t\t<\/div>\n\t\t\t\t<\/div>\n\t\t<div class=\"elementor-element elementor-element-e063835 e-flex e-con-boxed e-con e-parent\" data-id=\"e063835\" data-element_type=\"container\" data-e-type=\"container\" data-settings=\"{&quot;background_background&quot;:&quot;classic&quot;}\">\n\t\t\t\t\t<div class=\"e-con-inner\">\n\t\t<div class=\"elementor-element elementor-element-af56e08 e-con-full e-flex e-con e-child\" data-id=\"af56e08\" data-element_type=\"container\" data-e-type=\"container\">\n\t\t<div class=\"elementor-element elementor-element-3c0de8e e-con-full e-flex e-con e-child\" data-id=\"3c0de8e\" data-element_type=\"container\" data-e-type=\"container\">\n\t\t<div class=\"elementor-element elementor-element-20e9116 containerLeft e-flex e-con-boxed e-con e-child\" data-id=\"20e9116\" data-element_type=\"container\" data-e-type=\"container\">\n\t\t\t\t\t<div class=\"e-con-inner\">\n\t\t\t\t<div class=\"elementor-element elementor-element-8ab0d72 elementor-widget elementor-widget-text-editor\" data-id=\"8ab0d72\" data-element_type=\"widget\" data-e-type=\"widget\" data-widget_type=\"text-editor.default\">\n\t\t\t\t<div class=\"elementor-widget-container\">\n\t\t\t\t\t\t\t\t\t<p>Les efforts de RREACH pour connecter, unir et fortifier les formateurs de pasteurs remontent a\u0300 1997, avec l\u2019organisation d\u2019une consultation a\u0300 l\u2019Institut d\u2019e\u0301vange\u0301lisation Billy Graham a\u0300 Wheaton, Illinois, E\u0301tats-Unis. Les participants de 99 organisations reconnues coupables du \u00ab pe\u0301che\u0301 de faire ce qu\u2019il veut\u00bb e\u0301taient e\u0301galement convaincus que les efforts de collaboration permettraient d\u2019accomplir plus de choses ensemble. TOPIC (Trainers of Pastors International Coalition) est le re\u0301sultat de cette re\u0301union et sert toujours d\u2019organisation fai\u0302tie\u0300re pour acce\u0301le\u0301rer la formation pastorale non formelle. Des centaines d\u2019initiatives de formation nonformelle sont lie\u0301es a\u0300 TOPIC a\u0300 diffe\u0301rents niveaux.<\/p>\n<p>Une de\u0301cennie plus tard, les efforts visant a\u0300 offrir une meilleure formation a\u0300 un plus grand nombre de leaders pastoraux ont mis l\u2019accent sur la re\u0301duction du fosse\u0301 entre formation formelle et non-formelle. Lors du Congre\u0300s historique de Lausanne 2010, les formateurs de pasteurs des deux secteurs se sont re\u0301unis.\u00a0<i>La De\u0301claration des formateurs pastoraux du Cap\u00a0<\/i>conclut \u00ab que nous nous efforcerons d\u2019e\u0301tablir la confiance, de nous impliquer les uns les autres et de tirer parti des forces de chaque secteur pour pre\u0301parer des bergers mu\u0302rs a\u0300 la proclamation de la Parole de Dieu et a\u0300 l\u2019e\u0301dification de l\u2019E\u0301glise du Christ dans toutes les nations du monde\u00bb.<\/p>\n\t\t\t\t\t\t\t\t<\/div>\n\t\t\t\t<\/div>\n\t\t\t\t\t<\/div>\n\t\t\t\t<\/div>\n\t\t\t\t<\/div>\n\t\t<div class=\"elementor-element elementor-element-f04d28b e-con-full e-flex e-con e-child\" data-id=\"f04d28b\" data-element_type=\"container\" data-e-type=\"container\">\n\t\t<div class=\"elementor-element elementor-element-41daca7 containerRight e-flex e-con-boxed e-con e-child\" data-id=\"41daca7\" data-element_type=\"container\" data-e-type=\"container\">\n\t\t\t\t\t<div class=\"e-con-inner\">\n\t\t\t\t<div class=\"elementor-element elementor-element-8d50967 elementor-widget elementor-widget-image\" data-id=\"8d50967\" data-element_type=\"widget\" data-e-type=\"widget\" data-widget_type=\"image.default\">\n\t\t\t\t<div class=\"elementor-widget-container\">\n\t\t\t\t\t\t\t\t\t\t\t\t\t\t\t<img fetchpriority=\"high\" decoding=\"async\" width=\"800\" height=\"644\" src=\"https:\/\/gprocommission.org\/wp-content\/uploads\/2025\/11\/historyImg1v2.webp\" class=\"attachment-full size-full wp-image-521\" alt=\"speaker\" srcset=\"https:\/\/gprocommission.org\/wp-content\/uploads\/2025\/11\/historyImg1v2.webp 800w, https:\/\/gprocommission.org\/wp-content\/uploads\/2025\/11\/historyImg1v2-300x242.webp 300w, https:\/\/gprocommission.org\/wp-content\/uploads\/2025\/11\/historyImg1v2-768x618.webp 768w\" sizes=\"(max-width: 800px) 100vw, 800px\" \/>\t\t\t\t\t\t\t\t\t\t\t\t\t\t\t<\/div>\n\t\t\t\t<\/div>\n\t\t\t\t\t<\/div>\n\t\t\t\t<\/div>\n\t\t\t\t<\/div>\n\t\t\t\t<\/div>\n\t\t\t\t\t<\/div>\n\t\t\t\t<\/div>\n\t\t<div class=\"elementor-element elementor-element-277512c e-flex e-con-boxed e-con e-parent\" data-id=\"277512c\" data-element_type=\"container\" data-e-type=\"container\" data-settings=\"{&quot;background_background&quot;:&quot;classic&quot;}\">\n\t\t\t\t\t<div class=\"e-con-inner\">\n\t\t<div class=\"elementor-element elementor-element-b45ccab e-flex e-con-boxed e-con e-child\" data-id=\"b45ccab\" data-element_type=\"container\" data-e-type=\"container\">\n\t\t\t\t\t<div class=\"e-con-inner\">\n\t\t\t\t<div class=\"elementor-element elementor-element-56e1338 elementor-widget elementor-widget-text-editor\" data-id=\"56e1338\" data-element_type=\"widget\" data-e-type=\"widget\" data-widget_type=\"text-editor.default\">\n\t\t\t\t<div class=\"elementor-widget-container\">\n\t\t\t\t\t\t\t\t\t<p>La Commission Mondiale de la Proclamation (Global Proclamation Commission), un ministe\u0300re satellite de RREACH, a de\u0301bute\u0301 en 2011 et a catalyse\u0301 une campagne de deux de\u0301cennies sur le capital humain pour promouvoir la formation d\u2019un grand nombre de leaders pastoraux, en particulier la\u0300 ou\u0300 la sante\u0301 de l\u2019E\u0301glise ne suit pas le rythme de la croissance de l\u2019E\u0301glise.<\/p>\n\t\t\t\t\t\t\t\t<\/div>\n\t\t\t\t<\/div>\n\t\t\t\t\t<\/div>\n\t\t\t\t<\/div>\n\t\t<div class=\"elementor-element elementor-element-f28ca82 e-con-full e-flex e-con e-child\" data-id=\"f28ca82\" data-element_type=\"container\" data-e-type=\"container\">\n\t\t<div class=\"elementor-element elementor-element-cba9b6d e-con-full e-flex e-con e-child\" data-id=\"cba9b6d\" data-element_type=\"container\" data-e-type=\"container\">\n\t\t<div class=\"elementor-element elementor-element-1f907c4 containerLeft e-flex e-con-boxed e-con e-child\" data-id=\"1f907c4\" data-element_type=\"container\" data-e-type=\"container\">\n\t\t\t\t\t<div class=\"e-con-inner\">\n\t\t\t\t<div class=\"elementor-element elementor-element-d8a48c1 elementor-widget elementor-widget-image\" data-id=\"d8a48c1\" data-element_type=\"widget\" data-e-type=\"widget\" data-widget_type=\"image.default\">\n\t\t\t\t<div class=\"elementor-widget-container\">\n\t\t\t\t\t\t\t\t\t\t\t\t\t\t\t<img decoding=\"async\" width=\"800\" height=\"584\" data-src=\"https:\/\/gprocommission.org\/wp-content\/uploads\/2025\/09\/historyImg2.webp\" class=\"attachment-full size-full wp-image-522 lazyload\" alt=\"gathering\" data-srcset=\"https:\/\/gprocommission.org\/wp-content\/uploads\/2025\/09\/historyImg2.webp 800w, https:\/\/gprocommission.org\/wp-content\/uploads\/2025\/09\/historyImg2-300x219.webp 300w, https:\/\/gprocommission.org\/wp-content\/uploads\/2025\/09\/historyImg2-768x561.webp 768w\" data-sizes=\"(max-width: 800px) 100vw, 800px\" src=\"data:image\/svg+xml;base64,PHN2ZyB3aWR0aD0iMSIgaGVpZ2h0PSIxIiB4bWxucz0iaHR0cDovL3d3dy53My5vcmcvMjAwMC9zdmciPjwvc3ZnPg==\" style=\"--smush-placeholder-width: 800px; --smush-placeholder-aspect-ratio: 800\/584;\" \/>\t\t\t\t\t\t\t\t\t\t\t\t\t\t\t<\/div>\n\t\t\t\t<\/div>\n\t\t\t\t\t<\/div>\n\t\t\t\t<\/div>\n\t\t\t\t<\/div>\n\t\t<div class=\"elementor-element elementor-element-bdb3eef e-con-full e-flex e-con e-child\" data-id=\"bdb3eef\" data-element_type=\"container\" data-e-type=\"container\">\n\t\t<div class=\"elementor-element elementor-element-7ed96e3 containerRight e-flex e-con-boxed e-con e-child\" data-id=\"7ed96e3\" data-element_type=\"container\" data-e-type=\"container\">\n\t\t\t\t\t<div class=\"e-con-inner\">\n\t\t\t\t<div class=\"elementor-element elementor-element-279d55c elementor-widget elementor-widget-text-editor\" data-id=\"279d55c\" data-element_type=\"widget\" data-e-type=\"widget\" data-widget_type=\"text-editor.default\">\n\t\t\t\t<div class=\"elementor-widget-container\">\n\t\t\t\t\t\t\t\t\t<p>La premie\u0300re de\u0301cennie de la campagne (2011-2020) a pris un e\u0301lan significatif lors du premier Congre\u0300s mondial de proclamation pour les formateurs pastoraux (GProCongress I, Bangkok 2016), un e\u0301ve\u0301nement de huit jours avec quatre ans de suivi. L\u2019objectif de RREACHABLE 2020 de re\u0301duire le de\u0301ficit des personnes forme\u0301es de 5% \u2013 100 000 leaders pastoraux \u2013 a e\u0301te\u0301 de\u0301passe\u0301, en dessous du budget et en avance sur le calendrier. RREACH avait rec\u0327u, ve\u0301rifie\u0301 et documente\u0301 les rapports de nombreux ministe\u0300res fre\u0300res et a pre\u0301sente\u0301 280 000+ leaders pastoraux mieux forme\u0301s a\u0300 la mi-2021.<\/p>\n<p>Au cours de la deuxie\u0300me de\u0301cennie de la GProCommission (2021-2030), appele\u0301e RREACHABILITY 2030, l\u2019accent est passe\u0301 de l\u2019augmentation du nombre de leaders pastoraux mieux forme\u0301s a\u0300 l\u2019augmentation du nombre de formateurs de pasteurs. A\u0300 cette fin, RREACH convoque maintenant le deuxie\u0300me Congre\u0300s mondial de proclamation pour les formateurs de pasteurs (GProCongress II, Panama 2023), un e\u0301ve\u0301nement de six jours avec un suivi de sept ans pour ateindre 100 000 formateurs pastoraux supple\u0301mentaires d\u2019ici 2030.<\/p>\n\t\t\t\t\t\t\t\t<\/div>\n\t\t\t\t<\/div>\n\t\t\t\t\t<\/div>\n\t\t\t\t<\/div>\n\t\t\t\t<\/div>\n\t\t\t\t<\/div>\n\t\t\t\t\t<\/div>\n\t\t\t\t<\/div>\n\t\t<div class=\"elementor-element elementor-element-9fa3039 e-flex e-con-boxed e-con e-parent\" data-id=\"9fa3039\" data-element_type=\"container\" data-e-type=\"container\" data-settings=\"{&quot;background_background&quot;:&quot;classic&quot;}\">\n\t\t\t\t\t<div class=\"e-con-inner\">\n\t\t<div class=\"elementor-element elementor-element-0953a1c e-con-full e-flex e-con e-child\" data-id=\"0953a1c\" data-element_type=\"container\" data-e-type=\"container\">\n\t\t\t\t<div class=\"elementor-element elementor-element-fda77cd elementor-widget elementor-widget-text-editor\" data-id=\"fda77cd\" data-element_type=\"widget\" data-e-type=\"widget\" data-widget_type=\"text-editor.default\">\n\t\t\t\t<div class=\"elementor-widget-container\">\n\t\t\t\t\t\t\t\t\t<p>GProCongress II a poursuivi la philosophie de neutralit\u00e9 sectorielle, la plate-forme et le processus de neutralite\u0301 sectorielle, en pre\u0301sentant les trois secteurs de formation pastorale et en pollinisant les initiatives de formation pastorale. En juin 2022, des repre\u0301sentants de TOPIC, le secteur non formel ; MentorLink, le secteur informel; et le Conseil international pour l\u2019e\u0301ducation the\u0301ologique e\u0301vange\u0301lique (ICETE), le secteur formel, ont converge\u0301 autour du besoin urgent, important et critique de fournir plus rapidement une meilleure formation a\u0300 plus de pasteurs par tous les moyens efficaces et efficients possibles. En novembre 2022, la consultation mondiale de l\u2019ICETE a encourage\u0301 \u00ab l\u2019e\u0301ducation the\u0301ologique formelle et non formelle : au-dela\u0300 du dialogue \u00bb. En mars 2023, TOPIC a re\u0301uni des organisations pastorales non formelles cle\u0301s pour re\u0301pondre a\u0300 la question suivante : \u00ab Comment la collaboration pourrait-elle acce\u0301le\u0301rer la formation des pasteurs a\u0300 l\u2019e\u0301chelle mondiale ? \u00bb En avril 2023, MentorLink a dirige\u0301 le lancement du Re\u0301seau international de mentorat pour les pasteurs [Pastors Mentoring International Network] (PMIN).<\/p>\n\t\t\t\t\t\t\t\t<\/div>\n\t\t\t\t<\/div>\n\t\t\t\t<\/div>\n\t\t\t\t\t<\/div>\n\t\t\t\t<\/div>\n\t\t<div class=\"elementor-element elementor-element-58d8dbf e-flex e-con-boxed e-con e-parent\" data-id=\"58d8dbf\" data-element_type=\"container\" data-e-type=\"container\" data-settings=\"{&quot;background_background&quot;:&quot;classic&quot;}\">\n\t\t\t\t\t<div class=\"e-con-inner\">\n\t\t<div class=\"elementor-element elementor-element-a9d41b5 e-con-full e-flex e-con e-child\" data-id=\"a9d41b5\" data-element_type=\"container\" data-e-type=\"container\">\n\t\t<div class=\"elementor-element elementor-element-460acf6 e-con-full e-flex e-con e-child\" data-id=\"460acf6\" data-element_type=\"container\" data-e-type=\"container\">\n\t\t<div class=\"elementor-element elementor-element-d051c07 containerLeft e-flex e-con-boxed e-con e-child\" data-id=\"d051c07\" data-element_type=\"container\" data-e-type=\"container\">\n\t\t\t\t\t<div class=\"e-con-inner\">\n\t\t\t\t<div class=\"elementor-element elementor-element-eeee2af elementor-widget elementor-widget-text-editor\" data-id=\"eeee2af\" data-element_type=\"widget\" data-e-type=\"widget\" data-widget_type=\"text-editor.default\">\n\t\t\t\t<div class=\"elementor-widget-container\">\n\t\t\t\t\t\t\t\t\t<p>Les trois secteurs ont contribu\u00e9 au th\u00e8me du GProCongress II de novembre 2023 pour les formateurs de pasteurs: multiplier la quantite\u0301 et la qualite\u0301 des formateurs de pasteurs. Avec l\u2019aide du Seigneur vers 2030, chaque d\u00e9l\u00e9gu\u00e9 s\u2019est engag\u00e9 \u00e0 former au moins un nouveau pasteur chaque ann\u00e9e. Ces nouveaux formateurs de pasteurs s\u2019engagent e\u0301galement a\u0300 former en moyenne 10 leaders pastoraux supple\u0301mentaires d\u2019ici 2030, ce qui se traduira par un million de pasteurs mieux forme\u0301s a\u0300 cette date, si le Seigneur le veut.<\/p>\n\t\t\t\t\t\t\t\t<\/div>\n\t\t\t\t<\/div>\n\t\t\t\t\t<\/div>\n\t\t\t\t<\/div>\n\t\t\t\t<\/div>\n\t\t<div class=\"elementor-element elementor-element-8404c77 e-con-full e-flex e-con e-child\" data-id=\"8404c77\" data-element_type=\"container\" data-e-type=\"container\">\n\t\t<div class=\"elementor-element elementor-element-48ffa84 containerRight e-flex e-con-boxed e-con e-child\" data-id=\"48ffa84\" data-element_type=\"container\" data-e-type=\"container\">\n\t\t\t\t\t<div class=\"e-con-inner\">\n\t\t<div class=\"elementor-element elementor-element-3ebe69e e-flex e-con-boxed e-con e-child\" data-id=\"3ebe69e\" data-element_type=\"container\" data-e-type=\"container\" data-settings=\"{&quot;background_background&quot;:&quot;classic&quot;}\">\n\t\t\t\t\t<div class=\"e-con-inner\">\n\t\t\t\t<div class=\"elementor-element elementor-element-46b4846 elementor-widget elementor-widget-heading\" data-id=\"46b4846\" data-element_type=\"widget\" data-e-type=\"widget\" data-widget_type=\"heading.default\">\n\t\t\t\t<div class=\"elementor-widget-container\">\n\t\t\t\t\t<h4 class=\"elementor-heading-title elementor-size-default\">\u00ab A\u0300 la gloire du Pe\u0300re, au nom du Fils, par la puissance du Saint-Esprit, pour la sante\u0301 de l\u2019E\u0301glise du Christ, et le meilleur de beaucoup partout. Amen! \u00bb<\/h4>\t\t\t\t<\/div>\n\t\t\t\t<\/div>\n\t\t\t\t\t<\/div>\n\t\t\t\t<\/div>\n\t\t\t\t\t<\/div>\n\t\t\t\t<\/div>\n\t\t\t\t<\/div>\n\t\t\t\t<\/div>\n\t\t\t\t\t<\/div>\n\t\t\t\t<\/div>\n\t\t<div class=\"elementor-element elementor-element-e7cb2c7 e-flex e-con-boxed e-con e-parent\" data-id=\"e7cb2c7\" data-element_type=\"container\" data-e-type=\"container\" data-settings=\"{&quot;background_background&quot;:&quot;classic&quot;}\">\n\t\t\t\t\t<div class=\"e-con-inner\">\n\t\t<div class=\"elementor-element elementor-element-bd35af5 e-con-full e-flex e-con e-child\" data-id=\"bd35af5\" data-element_type=\"container\" data-e-type=\"container\">\n\t\t<div class=\"elementor-element elementor-element-10eeb1a e-con-full e-flex e-con e-child\" data-id=\"10eeb1a\" data-element_type=\"container\" data-e-type=\"container\">\n\t\t<div class=\"elementor-element elementor-element-fb67653 containerRight e-flex e-con-boxed e-con e-child\" data-id=\"fb67653\" data-element_type=\"container\" data-e-type=\"container\">\n\t\t\t\t\t<div class=\"e-con-inner\">\n\t\t\t\t<div class=\"elementor-element elementor-element-772c4d3 elementor-widget elementor-widget-image\" data-id=\"772c4d3\" data-element_type=\"widget\" data-e-type=\"widget\" data-widget_type=\"image.default\">\n\t\t\t\t<div class=\"elementor-widget-container\">\n\t\t\t\t\t\t\t\t\t\t\t\t\t\t\t<img decoding=\"async\" width=\"800\" height=\"644\" data-src=\"https:\/\/gprocommission.org\/wp-content\/uploads\/2025\/12\/historyImg3.webp\" class=\"attachment-full size-full wp-image-687 lazyload\" alt=\"speaker\" data-srcset=\"https:\/\/gprocommission.org\/wp-content\/uploads\/2025\/12\/historyImg3.webp 800w, https:\/\/gprocommission.org\/wp-content\/uploads\/2025\/12\/historyImg3-300x242.webp 300w, https:\/\/gprocommission.org\/wp-content\/uploads\/2025\/12\/historyImg3-768x618.webp 768w\" data-sizes=\"(max-width: 800px) 100vw, 800px\" src=\"data:image\/svg+xml;base64,PHN2ZyB3aWR0aD0iMSIgaGVpZ2h0PSIxIiB4bWxucz0iaHR0cDovL3d3dy53My5vcmcvMjAwMC9zdmciPjwvc3ZnPg==\" style=\"--smush-placeholder-width: 800px; --smush-placeholder-aspect-ratio: 800\/644;\" \/>\t\t\t\t\t\t\t\t\t\t\t\t\t\t\t<\/div>\n\t\t\t\t<\/div>\n\t\t\t\t\t<\/div>\n\t\t\t\t<\/div>\n\t\t\t\t<\/div>\n\t\t<div class=\"elementor-element elementor-element-44c8263 e-con-full e-flex e-con e-child\" data-id=\"44c8263\" data-element_type=\"container\" data-e-type=\"container\">\n\t\t<div class=\"elementor-element elementor-element-b7a7ae9 containerRight e-flex e-con-boxed e-con e-child\" data-id=\"b7a7ae9\" data-element_type=\"container\" data-e-type=\"container\">\n\t\t\t\t\t<div class=\"e-con-inner\">\n\t\t\t\t<div class=\"elementor-element elementor-element-7486990 elementor-widget elementor-widget-text-editor\" data-id=\"7486990\" data-element_type=\"widget\" data-e-type=\"widget\" data-widget_type=\"text-editor.default\">\n\t\t\t\t<div class=\"elementor-widget-container\">\n\t\t\t\t\t\t\t\t\t<p>En octobre 2024, le GProCongress II \u2013 \u00c9dition Afrique s&rsquo;est tenu \u00e0 Nairobi, au Kenya, suite aux regrets exprim\u00e9s par des centaines de candidats africains qui n&rsquo;avaient pu se rendre au congr\u00e8s de Panama en 2023. La GProCommission de RREACH a port\u00e9 cet \u00e9v\u00e9nement en Afrique, aujourd&rsquo;hui le continent o\u00f9 la foi conna\u00eet la croissance la plus rapide, rassemblant 141 formateurs de pasteurs venus de 33 pays. Les d\u00e9l\u00e9gu\u00e9s se sont engag\u00e9s \u00e0 susciter chaque ann\u00e9e 4 809 nouveaux formateurs de pasteurs et \u00e0 former 23 627 leaders pastoraux annuellement, contribuant ainsi de mani\u00e8re significative \u00e0 la vision partag\u00e9e pour 2030 : atteindre et susciter 100 000 nouveaux formateurs de pasteurs, issus d&rsquo;un million de leaders pastoraux mieux form\u00e9s et y contribuant en retour.<\/p>\n<p>En 2025, la GProCommission a lanc\u00e9 MLTPL 100 \u2014 \u00ab Multiplier les formateurs locaux de leaders pastoraux \u00bb \u2014 expression cibl\u00e9e de cette vision. MLTPL 100 vise \u00e0 implanter des initiatives de formation pastorale dans 100 pays, mobiliser 1 000 coll\u00e8ges bibliques et instituts th\u00e9ologiques, et ancrer la formation pastorale dans la philosophie minist\u00e9rielle de 10 000 pasteurs et \u00e9glises.<\/p>\n\t\t\t\t\t\t\t\t<\/div>\n\t\t\t\t<\/div>\n\t\t\t\t\t<\/div>\n\t\t\t\t<\/div>\n\t\t\t\t<\/div>\n\t\t\t\t<\/div>\n\t\t\t\t\t<\/div>\n\t\t\t\t<\/div>\n\t\t\t\t<\/div>\n\t\t","protected":false},"excerpt":{"rendered":"<p>Les efforts de RREACH pour connecter, unir et fortifier les formateurs de pasteurs remontent a\u0300 1997, avec l\u2019organisation d\u2019une consultation a\u0300 l\u2019Institut d\u2019e\u0301vange\u0301lisation Billy Graham a\u0300 Wheaton, Illinois, E\u0301tats-Unis. Les participants de 99 organisations reconnues coupables du \u00ab pe\u0301che\u0301 de faire ce qu\u2019il veut\u00bb e\u0301taient e\u0301galement convaincus que les efforts de collaboration permettraient d\u2019accomplir plus [&hellip;]<\/p>\n","protected":false},"author":2,"featured_media":0,"parent":0,"menu_order":0,"comment_status":"closed","ping_status":"closed","template":"","meta":{"_acf_changed":false,"footnotes":""},"class_list":["post-523","page","type-page","status-publish","hentry","entry"],"acf":[],"_links":{"self":[{"href":"https:\/\/gprocommission.org\/fr\/wp-json\/wp\/v2\/pages\/523","targetHints":{"allow":["GET"]}}],"collection":[{"href":"https:\/\/gprocommission.org\/fr\/wp-json\/wp\/v2\/pages"}],"about":[{"href":"https:\/\/gprocommission.org\/fr\/wp-json\/wp\/v2\/types\/page"}],"author":[{"embeddable":true,"href":"https:\/\/gprocommission.org\/fr\/wp-json\/wp\/v2\/users\/2"}],"replies":[{"embeddable":true,"href":"https:\/\/gprocommission.org\/fr\/wp-json\/wp\/v2\/comments?post=523"}],"version-history":[{"count":0,"href":"https:\/\/gprocommission.org\/fr\/wp-json\/wp\/v2\/pages\/523\/revisions"}],"wp:attachment":[{"href":"https:\/\/gprocommission.org\/fr\/wp-json\/wp\/v2\/media?parent=523"}],"curies":[{"name":"wp","href":"https:\/\/api.w.org\/{rel}","templated":true}]}}