{"id":533,"date":"2025-09-27T09:22:14","date_gmt":"2025-09-27T14:22:14","guid":{"rendered":"https:\/\/gprocommissstg.wpenginepowered.com\/history\/"},"modified":"2025-12-21T18:22:19","modified_gmt":"2025-12-22T00:22:19","slug":"history","status":"publish","type":"page","link":"https:\/\/gprocommission.org\/es\/history\/","title":{"rendered":"Historia"},"content":{"rendered":"\t\t<div data-elementor-type=\"wp-page\" data-elementor-id=\"533\" class=\"elementor elementor-533 elementor-120\" data-elementor-post-type=\"page\">\n\t\t\t\t<div class=\"elementor-element elementor-element-6fe9707 e-con-full e-flex e-con e-parent\" data-id=\"6fe9707\" data-element_type=\"container\" data-e-type=\"container\">\n\t\t\t\t<div class=\"elementor-element elementor-element-470fdbe elementor-widget elementor-widget-template\" data-id=\"470fdbe\" data-element_type=\"widget\" data-e-type=\"widget\" data-widget_type=\"template.default\">\n\t\t\t\t<div class=\"elementor-widget-container\">\n\t\t\t\t\t\t\t<div class=\"elementor-template\">\n\t\t\t\t\t<div data-elementor-type=\"container\" data-elementor-id=\"560\" class=\"elementor elementor-560 elementor-113 elementor-113\" data-elementor-post-type=\"elementor_library\">\n\t\t\t\t<div class=\"elementor-element elementor-element-299c3f5e e-flex e-con-boxed e-con e-parent\" data-id=\"299c3f5e\" data-element_type=\"container\" data-e-type=\"container\" data-settings=\"{&quot;background_background&quot;:&quot;classic&quot;}\">\n\t\t\t\t\t<div class=\"e-con-inner\">\n\t\t<div class=\"elementor-element elementor-element-76d235f e-con-full e-flex e-con e-child\" data-id=\"76d235f\" data-element_type=\"container\" data-e-type=\"container\">\n\t\t<div class=\"elementor-element elementor-element-28635203 e-con-full e-flex e-con e-child\" data-id=\"28635203\" data-element_type=\"container\" data-e-type=\"container\">\n\t\t\t\t<div class=\"elementor-element elementor-element-7a308060 elementor-widget elementor-widget-heading\" data-id=\"7a308060\" data-element_type=\"widget\" data-e-type=\"widget\" data-widget_type=\"heading.default\">\n\t\t\t\t<div class=\"elementor-widget-container\">\n\t\t\t\t\t<h1 class=\"elementor-heading-title elementor-size-default\">Historial de GProCommission<\/h1>\t\t\t\t<\/div>\n\t\t\t\t<\/div>\n\t\t\t\t<\/div>\n\t\t\t\t<\/div>\n\t\t\t\t\t<\/div>\n\t\t\t\t<\/div>\n\t\t\t\t<\/div>\n\t\t\t\t<\/div>\n\t\t\t\t\t\t<\/div>\n\t\t\t\t<\/div>\n\t\t\t\t<\/div>\n\t\t<div class=\"elementor-element elementor-element-e063835 e-flex e-con-boxed e-con e-parent\" data-id=\"e063835\" data-element_type=\"container\" data-e-type=\"container\" data-settings=\"{&quot;background_background&quot;:&quot;classic&quot;}\">\n\t\t\t\t\t<div class=\"e-con-inner\">\n\t\t<div class=\"elementor-element elementor-element-af56e08 e-con-full e-flex e-con e-child\" data-id=\"af56e08\" data-element_type=\"container\" data-e-type=\"container\">\n\t\t<div class=\"elementor-element elementor-element-3c0de8e e-con-full e-flex e-con e-child\" data-id=\"3c0de8e\" data-element_type=\"container\" data-e-type=\"container\">\n\t\t<div class=\"elementor-element elementor-element-20e9116 containerLeft e-flex e-con-boxed e-con e-child\" data-id=\"20e9116\" data-element_type=\"container\" data-e-type=\"container\">\n\t\t\t\t\t<div class=\"e-con-inner\">\n\t\t\t\t<div class=\"elementor-element elementor-element-8ab0d72 elementor-widget elementor-widget-text-editor\" data-id=\"8ab0d72\" data-element_type=\"widget\" data-e-type=\"widget\" data-widget_type=\"text-editor.default\">\n\t\t\t\t<div class=\"elementor-widget-container\">\n\t\t\t\t\t\t\t\t\t<p>Los esfuerzos de RREACH para conectar, unir y fortalecer a los capacitadores de pastores se remontan a 1997, con la convocatoria de una consulta en el Instituto Billy Graham de Evangelismo en Wheaton, Illinois, EE. UU. Alli\u0301, los participantes de 99 organizaciones, convictos del \u00abpecado de hacer las cosas cada uno por su cuenta\u00bb, tambie\u0301n estaban convencidos de que los esfuerzos de colaboracio\u0301n permitiri\u0301an lograr ma\u0301s juntos. TOPIC (Coalicio\u0301n Internacional de Capacitadores de Pastores) surgio\u0301 de esa reunio\u0301n, y todavi\u0301a sirve como organizacio\u0301n paraguas para acelerar la capacitacio\u0301n pastoral no formal. Cientos de iniciativas de capacitacio\u0301n no formal esta\u0301n conectadas a TOPIC en varios niveles.<\/p>\n<p>Una de\u0301cada ma\u0301s tarde, los esfuerzos destinados a impartir una mejor capacitacio\u0301n a un mayor nu\u0301mero de li\u0301deres pastorales se centraron en cerrar la brecha existente entre la capacitacio\u0301n formal y la no formal. En el histo\u0301rico Congreso de Lausana de 2010, se reunieron capacitadores de pastores de ambos sectores.\u00a0<i>La Declaracio\u0301n de los Capacitadores de Pastores de Ciudad del Cabo\u00a0<\/i>concluye \u00abque nos esforzaremos por fomentar la confianza, la participacio\u0301n mutua y el aprovechamiento de los puntos fuertes de cada sector a fin de preparar pastores maduros para la proclamacio\u0301n de la Palabra de Dios y la edificacio\u0301n de la Iglesia de Cristo en todas las naciones del mundo\u00bb.<\/p>\n\t\t\t\t\t\t\t\t<\/div>\n\t\t\t\t<\/div>\n\t\t\t\t\t<\/div>\n\t\t\t\t<\/div>\n\t\t\t\t<\/div>\n\t\t<div class=\"elementor-element elementor-element-f04d28b e-con-full e-flex e-con e-child\" data-id=\"f04d28b\" data-element_type=\"container\" data-e-type=\"container\">\n\t\t<div class=\"elementor-element elementor-element-41daca7 containerRight e-flex e-con-boxed e-con e-child\" data-id=\"41daca7\" data-element_type=\"container\" data-e-type=\"container\">\n\t\t\t\t\t<div class=\"e-con-inner\">\n\t\t\t\t<div class=\"elementor-element elementor-element-8d50967 elementor-widget elementor-widget-image\" data-id=\"8d50967\" data-element_type=\"widget\" data-e-type=\"widget\" data-widget_type=\"image.default\">\n\t\t\t\t<div class=\"elementor-widget-container\">\n\t\t\t\t\t\t\t\t\t\t\t\t\t\t\t<img fetchpriority=\"high\" decoding=\"async\" width=\"800\" height=\"644\" src=\"https:\/\/gprocommission.org\/wp-content\/uploads\/2025\/11\/historyImg1v2.webp\" class=\"attachment-full size-full wp-image-531\" alt=\"speaker\" srcset=\"https:\/\/gprocommission.org\/wp-content\/uploads\/2025\/11\/historyImg1v2.webp 800w, https:\/\/gprocommission.org\/wp-content\/uploads\/2025\/11\/historyImg1v2-300x242.webp 300w, https:\/\/gprocommission.org\/wp-content\/uploads\/2025\/11\/historyImg1v2-768x618.webp 768w\" sizes=\"(max-width: 800px) 100vw, 800px\" \/>\t\t\t\t\t\t\t\t\t\t\t\t\t\t\t<\/div>\n\t\t\t\t<\/div>\n\t\t\t\t\t<\/div>\n\t\t\t\t<\/div>\n\t\t\t\t<\/div>\n\t\t\t\t<\/div>\n\t\t\t\t\t<\/div>\n\t\t\t\t<\/div>\n\t\t<div class=\"elementor-element elementor-element-277512c e-flex e-con-boxed e-con e-parent\" data-id=\"277512c\" data-element_type=\"container\" data-e-type=\"container\" data-settings=\"{&quot;background_background&quot;:&quot;classic&quot;}\">\n\t\t\t\t\t<div class=\"e-con-inner\">\n\t\t<div class=\"elementor-element elementor-element-b45ccab e-flex e-con-boxed e-con e-child\" data-id=\"b45ccab\" data-element_type=\"container\" data-e-type=\"container\">\n\t\t\t\t\t<div class=\"e-con-inner\">\n\t\t\t\t<div class=\"elementor-element elementor-element-56e1338 elementor-widget elementor-widget-text-editor\" data-id=\"56e1338\" data-element_type=\"widget\" data-e-type=\"widget\" data-widget_type=\"text-editor.default\">\n\t\t\t\t<div class=\"elementor-widget-container\">\n\t\t\t\t\t\t\t\t\t<p>La Comisio\u0301n de Proclamacio\u0301n Global (GProCommission), un ministerio sate\u0301lite de RREACH, comenzo\u0301 en el an\u0303o 2011, y desde entonces ha servido como catalizadora de una campan\u0303a de capital humano de dos de\u0301cadas para promover la capacitacio\u0301n de un gran nu\u0301mero de li\u0301deres pastorales, especialmente en aquellos lugares donde la salud de la iglesia no sigue el ritmo de crecimiento de la iglesia.<\/p>\n\t\t\t\t\t\t\t\t<\/div>\n\t\t\t\t<\/div>\n\t\t\t\t\t<\/div>\n\t\t\t\t<\/div>\n\t\t<div class=\"elementor-element elementor-element-f28ca82 e-con-full e-flex e-con e-child\" data-id=\"f28ca82\" data-element_type=\"container\" data-e-type=\"container\">\n\t\t<div class=\"elementor-element elementor-element-cba9b6d e-con-full e-flex e-con e-child\" data-id=\"cba9b6d\" data-element_type=\"container\" data-e-type=\"container\">\n\t\t<div class=\"elementor-element elementor-element-1f907c4 containerLeft e-flex e-con-boxed e-con e-child\" data-id=\"1f907c4\" data-element_type=\"container\" data-e-type=\"container\">\n\t\t\t\t\t<div class=\"e-con-inner\">\n\t\t\t\t<div class=\"elementor-element elementor-element-d8a48c1 elementor-widget elementor-widget-image\" data-id=\"d8a48c1\" data-element_type=\"widget\" data-e-type=\"widget\" data-widget_type=\"image.default\">\n\t\t\t\t<div class=\"elementor-widget-container\">\n\t\t\t\t\t\t\t\t\t\t\t\t\t\t\t<img decoding=\"async\" width=\"800\" height=\"584\" data-src=\"https:\/\/gprocommission.org\/wp-content\/uploads\/2025\/09\/historyImg2.webp\" class=\"attachment-full size-full wp-image-532 lazyload\" alt=\"gathering\" data-srcset=\"https:\/\/gprocommission.org\/wp-content\/uploads\/2025\/09\/historyImg2.webp 800w, https:\/\/gprocommission.org\/wp-content\/uploads\/2025\/09\/historyImg2-300x219.webp 300w, https:\/\/gprocommission.org\/wp-content\/uploads\/2025\/09\/historyImg2-768x561.webp 768w\" data-sizes=\"(max-width: 800px) 100vw, 800px\" src=\"data:image\/svg+xml;base64,PHN2ZyB3aWR0aD0iMSIgaGVpZ2h0PSIxIiB4bWxucz0iaHR0cDovL3d3dy53My5vcmcvMjAwMC9zdmciPjwvc3ZnPg==\" style=\"--smush-placeholder-width: 800px; --smush-placeholder-aspect-ratio: 800\/584;\" \/>\t\t\t\t\t\t\t\t\t\t\t\t\t\t\t<\/div>\n\t\t\t\t<\/div>\n\t\t\t\t\t<\/div>\n\t\t\t\t<\/div>\n\t\t\t\t<\/div>\n\t\t<div class=\"elementor-element elementor-element-bdb3eef e-con-full e-flex e-con e-child\" data-id=\"bdb3eef\" data-element_type=\"container\" data-e-type=\"container\">\n\t\t<div class=\"elementor-element elementor-element-7ed96e3 containerRight e-flex e-con-boxed e-con e-child\" data-id=\"7ed96e3\" data-element_type=\"container\" data-e-type=\"container\">\n\t\t\t\t\t<div class=\"e-con-inner\">\n\t\t\t\t<div class=\"elementor-element elementor-element-279d55c elementor-widget elementor-widget-text-editor\" data-id=\"279d55c\" data-element_type=\"widget\" data-e-type=\"widget\" data-widget_type=\"text-editor.default\">\n\t\t\t\t<div class=\"elementor-widget-container\">\n\t\t\t\t\t\t\t\t\t<p>La primera de\u0301cada de la campan\u0303a (2011-2020) cobro\u0301 un impulso significativo en el primer Congreso de Proclamacio\u0301n Global para Capacitadores Pastorales (GProCongress I, Bangkok 2016), un evento de ocho di\u0301as con cuatro an\u0303os de seguimiento. El objetivo de RREACHABLE 2020 de reducir el de\u0301ficit de personas capacitadas en un 5% -100.000 li\u0301deres pastorales- fue superado, por debajo del presupuesto y antes de lo previsto. RREACH habi\u0301a recibido, examinado y documentado informes de numerosos ministerios afines y presento\u0301 ma\u0301s de 280.000 li\u0301deres pastorales mejor capacitados a mediados de 2021.<\/p>\n<p>En la segunda de\u0301cada de la GProCommission (2021-2030), llamada RREACHABILITY 2030, el enfoque ha pasado de aumentar el nu\u0301mero de li\u0301deres pastorales mejor capacitados a aumentar el nu\u0301mero de Capacitadores de Pastores. Con ese fin, RREACH convoca ahora el II Congreso de Proclamacio\u0301n Global para Capacitadores de Pastores (GProCongress II, Panama\u0301 2023), un evento de seis di\u0301as con un seguimiento de siete an\u0303os con el objetivo de contar con 100.000 capacitadores de pastores adicionales para el an\u0303o 2030.<\/p>\n\t\t\t\t\t\t\t\t<\/div>\n\t\t\t\t<\/div>\n\t\t\t\t\t<\/div>\n\t\t\t\t<\/div>\n\t\t\t\t<\/div>\n\t\t\t\t<\/div>\n\t\t\t\t\t<\/div>\n\t\t\t\t<\/div>\n\t\t<div class=\"elementor-element elementor-element-9fa3039 e-flex e-con-boxed e-con e-parent\" data-id=\"9fa3039\" data-element_type=\"container\" data-e-type=\"container\" data-settings=\"{&quot;background_background&quot;:&quot;classic&quot;}\">\n\t\t\t\t\t<div class=\"e-con-inner\">\n\t\t<div class=\"elementor-element elementor-element-0953a1c e-con-full e-flex e-con e-child\" data-id=\"0953a1c\" data-element_type=\"container\" data-e-type=\"container\">\n\t\t\t\t<div class=\"elementor-element elementor-element-fda77cd elementor-widget elementor-widget-text-editor\" data-id=\"fda77cd\" data-element_type=\"widget\" data-e-type=\"widget\" data-widget_type=\"text-editor.default\">\n\t\t\t\t<div class=\"elementor-widget-container\">\n\t\t\t\t\t\t\t\t\t<p>El GProCongress II continu\u00f3 con la filosofi\u0301a, la plataforma y el proceso de neutralidad con respecto a los sectores, presentando a los tres sectores de capacitacio\u0301n de pastores y multiplicando las iniciativas en esta a\u0301rea. En junio de 2022, representantes de TOPIC, el sector no formal; MentorLink, el sector informal; y el Consejo Internacional para la Educacio\u0301n Teolo\u0301gica Evange\u0301lica (ICETE), el sector formal, convergieron en torno a la necesidad urgente, trascendental y decisiva de proporcionar con mayor rapidez una mejor capacitacio\u0301n a ma\u0301s pastores por todos los medios eficaces y eficientes posibles. En noviembre de 2022, la consulta mundial de ICETE alento\u0301 \u00abEducacio\u0301n teolo\u0301gica formal y no formal: ma\u0301s alla\u0301 del dia\u0301logo\u00bb. En marzo de 2023, TOPIC reunio\u0301 a las principales organizaciones pastorales no formales para abordar la pregunta: \u00ab\u00bfCo\u0301mo podri\u0301a la colaboracio\u0301n acelerar la capacitacio\u0301n de pastores a nivel mundial?\u00bb En abril de 2023, MentorLink lidero\u0301 el lanzamiento de la Red Internacional de Mentores de Pastores (PMIN).<\/p>\n\t\t\t\t\t\t\t\t<\/div>\n\t\t\t\t<\/div>\n\t\t\t\t<\/div>\n\t\t\t\t\t<\/div>\n\t\t\t\t<\/div>\n\t\t<div class=\"elementor-element elementor-element-58d8dbf e-flex e-con-boxed e-con e-parent\" data-id=\"58d8dbf\" data-element_type=\"container\" data-e-type=\"container\" data-settings=\"{&quot;background_background&quot;:&quot;classic&quot;}\">\n\t\t\t\t\t<div class=\"e-con-inner\">\n\t\t<div class=\"elementor-element elementor-element-a9d41b5 e-con-full e-flex e-con e-child\" data-id=\"a9d41b5\" data-element_type=\"container\" data-e-type=\"container\">\n\t\t<div class=\"elementor-element elementor-element-460acf6 e-con-full e-flex e-con e-child\" data-id=\"460acf6\" data-element_type=\"container\" data-e-type=\"container\">\n\t\t<div class=\"elementor-element elementor-element-d051c07 containerLeft e-flex e-con-boxed e-con e-child\" data-id=\"d051c07\" data-element_type=\"container\" data-e-type=\"container\">\n\t\t\t\t\t<div class=\"e-con-inner\">\n\t\t\t\t<div class=\"elementor-element elementor-element-eeee2af elementor-widget elementor-widget-text-editor\" data-id=\"eeee2af\" data-element_type=\"widget\" data-e-type=\"widget\" data-widget_type=\"text-editor.default\">\n\t\t\t\t<div class=\"elementor-widget-container\">\n\t\t\t\t\t\t\t\t\t<p>Los tres sectores contribuyeron en noviembre 2023 al tema del GProCongress II de Capacitadores de Pastores: multiplicar la cantidad y calidad de capacitadores de pastores. Con la habilitaci\u00f3n del Se\u00f1or hacia el a\u00f1o 2030, cada delegado se comprometi\u00f3 a formar al menos un nuevo capacitador de pastor cada a\u00f1o. Estos nuevos capacitadores de pastores tambi\u00e9n se comprometen a formar un promedio de 10 l\u00edderes pastorales m\u00e1s para 2030, lo que resultar\u00e1 en 1 mill\u00f3n de pastores mejor capacitados para esa fecha, si el Se\u00f1or lo permite..<\/p>\n\t\t\t\t\t\t\t\t<\/div>\n\t\t\t\t<\/div>\n\t\t\t\t\t<\/div>\n\t\t\t\t<\/div>\n\t\t\t\t<\/div>\n\t\t<div class=\"elementor-element elementor-element-8404c77 e-con-full e-flex e-con e-child\" data-id=\"8404c77\" data-element_type=\"container\" data-e-type=\"container\">\n\t\t<div class=\"elementor-element elementor-element-48ffa84 containerRight e-flex e-con-boxed e-con e-child\" data-id=\"48ffa84\" data-element_type=\"container\" data-e-type=\"container\">\n\t\t\t\t\t<div class=\"e-con-inner\">\n\t\t<div class=\"elementor-element elementor-element-3ebe69e e-flex e-con-boxed e-con e-child\" data-id=\"3ebe69e\" data-element_type=\"container\" data-e-type=\"container\" data-settings=\"{&quot;background_background&quot;:&quot;classic&quot;}\">\n\t\t\t\t\t<div class=\"e-con-inner\">\n\t\t\t\t<div class=\"elementor-element elementor-element-46b4846 elementor-widget elementor-widget-heading\" data-id=\"46b4846\" data-element_type=\"widget\" data-e-type=\"widget\" data-widget_type=\"heading.default\">\n\t\t\t\t<div class=\"elementor-widget-container\">\n\t\t\t\t\t<h4 class=\"elementor-heading-title elementor-size-default\">\u201cPara la gloria del Padre, en el nombre del Hijo, por el poder del Esp\u00edritu Santo, para la salud de la Iglesia de Cristo y lo mejor de muchos en todas partes. \u00a1Am\u00e9n!\u00bb<\/h4>\t\t\t\t<\/div>\n\t\t\t\t<\/div>\n\t\t\t\t\t<\/div>\n\t\t\t\t<\/div>\n\t\t\t\t\t<\/div>\n\t\t\t\t<\/div>\n\t\t\t\t<\/div>\n\t\t\t\t<\/div>\n\t\t\t\t\t<\/div>\n\t\t\t\t<\/div>\n\t\t<div class=\"elementor-element elementor-element-e7cb2c7 e-flex e-con-boxed e-con e-parent\" data-id=\"e7cb2c7\" data-element_type=\"container\" data-e-type=\"container\" data-settings=\"{&quot;background_background&quot;:&quot;classic&quot;}\">\n\t\t\t\t\t<div class=\"e-con-inner\">\n\t\t<div class=\"elementor-element elementor-element-bd35af5 e-con-full e-flex e-con e-child\" data-id=\"bd35af5\" data-element_type=\"container\" data-e-type=\"container\">\n\t\t<div class=\"elementor-element elementor-element-10eeb1a e-con-full e-flex e-con e-child\" data-id=\"10eeb1a\" data-element_type=\"container\" data-e-type=\"container\">\n\t\t<div class=\"elementor-element elementor-element-fb67653 containerRight e-flex e-con-boxed e-con e-child\" data-id=\"fb67653\" data-element_type=\"container\" data-e-type=\"container\">\n\t\t\t\t\t<div class=\"e-con-inner\">\n\t\t\t\t<div class=\"elementor-element elementor-element-772c4d3 elementor-widget elementor-widget-image\" data-id=\"772c4d3\" data-element_type=\"widget\" data-e-type=\"widget\" data-widget_type=\"image.default\">\n\t\t\t\t<div class=\"elementor-widget-container\">\n\t\t\t\t\t\t\t\t\t\t\t\t\t\t\t<img decoding=\"async\" width=\"800\" height=\"644\" data-src=\"https:\/\/gprocommission.org\/wp-content\/uploads\/2025\/12\/historyImg3.webp\" class=\"attachment-full size-full wp-image-689 lazyload\" alt=\"speaker\" data-srcset=\"https:\/\/gprocommission.org\/wp-content\/uploads\/2025\/12\/historyImg3.webp 800w, https:\/\/gprocommission.org\/wp-content\/uploads\/2025\/12\/historyImg3-300x242.webp 300w, https:\/\/gprocommission.org\/wp-content\/uploads\/2025\/12\/historyImg3-768x618.webp 768w\" data-sizes=\"(max-width: 800px) 100vw, 800px\" src=\"data:image\/svg+xml;base64,PHN2ZyB3aWR0aD0iMSIgaGVpZ2h0PSIxIiB4bWxucz0iaHR0cDovL3d3dy53My5vcmcvMjAwMC9zdmciPjwvc3ZnPg==\" style=\"--smush-placeholder-width: 800px; --smush-placeholder-aspect-ratio: 800\/644;\" \/>\t\t\t\t\t\t\t\t\t\t\t\t\t\t\t<\/div>\n\t\t\t\t<\/div>\n\t\t\t\t\t<\/div>\n\t\t\t\t<\/div>\n\t\t\t\t<\/div>\n\t\t<div class=\"elementor-element elementor-element-44c8263 e-con-full e-flex e-con e-child\" data-id=\"44c8263\" data-element_type=\"container\" data-e-type=\"container\">\n\t\t<div class=\"elementor-element elementor-element-b7a7ae9 containerRight e-flex e-con-boxed e-con e-child\" data-id=\"b7a7ae9\" data-element_type=\"container\" data-e-type=\"container\">\n\t\t\t\t\t<div class=\"e-con-inner\">\n\t\t\t\t<div class=\"elementor-element elementor-element-7486990 elementor-widget elementor-widget-text-editor\" data-id=\"7486990\" data-element_type=\"widget\" data-e-type=\"widget\" data-widget_type=\"text-editor.default\">\n\t\t\t\t<div class=\"elementor-widget-container\">\n\t\t\t\t\t\t\t\t\t<p>En octubre de 2024, se llev\u00f3 a cabo el GProCongress II \u2013 Edici\u00f3n \u00c1frica en Nairobi, Kenia, como respuesta al profundo pesar y a las reiteradas solicitudes de cientos de postulantes africanos que no pudieron asistir al congreso de 2023 en Panam\u00e1. La GProCommission de RREACH llev\u00f3 esta oportunidad al continente africano, hoy el de mayor crecimiento en la fe, y convoc\u00f3 a 141 capacitadores de pastores de 33 pa\u00edses. Los delegados asumieron el compromiso de levantar 4.809 nuevos capacitadores de pastores y capacitar a 23.627 l\u00edderes pastorales cada a\u00f1o, lo que representa un avance significativo en la visi\u00f3n compartida para 2030: alcanzar y levantar 100.000 nuevos capacitadores de pastores, provenientes de y al servicio de 1 mill\u00f3n de l\u00edderes pastorales mejor capacitados.<\/p>\n<p>En 2025, la GProCommission lanz\u00f3 MLTPL 100, \u201cMultiplicar Capacitadores Locales de L\u00edderes Pastorales\u201d, como una expresi\u00f3n concreta y enfocada de esta visi\u00f3n. MLTPL 100 busca ver iniciativas de capacitaci\u00f3n pastoral consolidadas en 100 pa\u00edses, la participaci\u00f3n de 1.000 institutos b\u00edblicos y seminarios, y la integraci\u00f3n de la capacitaci\u00f3n pastoral en la filosof\u00eda ministerial de 10.000 pastores e iglesias.<\/p>\n\t\t\t\t\t\t\t\t<\/div>\n\t\t\t\t<\/div>\n\t\t\t\t\t<\/div>\n\t\t\t\t<\/div>\n\t\t\t\t<\/div>\n\t\t\t\t<\/div>\n\t\t\t\t\t<\/div>\n\t\t\t\t<\/div>\n\t\t\t\t<\/div>\n\t\t","protected":false},"excerpt":{"rendered":"<p>Los esfuerzos de RREACH para conectar, unir y fortalecer a los capacitadores de pastores se remontan a 1997, con la convocatoria de una consulta en el Instituto Billy Graham de Evangelismo en Wheaton, Illinois, EE. UU. Alli\u0301, los participantes de 99 organizaciones, convictos del \u00abpecado de hacer las cosas cada uno por su cuenta\u00bb, tambie\u0301n [&hellip;]<\/p>\n","protected":false},"author":2,"featured_media":0,"parent":0,"menu_order":0,"comment_status":"closed","ping_status":"closed","template":"","meta":{"_acf_changed":false,"footnotes":""},"class_list":["post-533","page","type-page","status-publish","hentry","entry"],"acf":[],"_links":{"self":[{"href":"https:\/\/gprocommission.org\/es\/wp-json\/wp\/v2\/pages\/533","targetHints":{"allow":["GET"]}}],"collection":[{"href":"https:\/\/gprocommission.org\/es\/wp-json\/wp\/v2\/pages"}],"about":[{"href":"https:\/\/gprocommission.org\/es\/wp-json\/wp\/v2\/types\/page"}],"author":[{"embeddable":true,"href":"https:\/\/gprocommission.org\/es\/wp-json\/wp\/v2\/users\/2"}],"replies":[{"embeddable":true,"href":"https:\/\/gprocommission.org\/es\/wp-json\/wp\/v2\/comments?post=533"}],"version-history":[{"count":0,"href":"https:\/\/gprocommission.org\/es\/wp-json\/wp\/v2\/pages\/533\/revisions"}],"wp:attachment":[{"href":"https:\/\/gprocommission.org\/es\/wp-json\/wp\/v2\/media?parent=533"}],"curies":[{"name":"wp","href":"https:\/\/api.w.org\/{rel}","templated":true}]}}